{"id":36,"date":"2010-03-28T13:15:36","date_gmt":"2010-03-28T13:15:36","guid":{"rendered":"http:\/\/alfa.tkk.net.pl\/kontakt\/"},"modified":"2025-12-30T14:05:36","modified_gmt":"2025-12-30T14:05:37","slug":"kontakt","status":"publish","type":"page","link":"https:\/\/www.tkk.net.pl\/index.php\/kontakt\/","title":{"rendered":"kontakt"},"content":{"rendered":"<p><strong>Telewizja Kablowa Koszalin Sp. z o.o.<\/strong><br \/>\nul. Kotarbi\u0144skiego 3, 75-352 Koszalin<br \/>\nNIP 669 10 02 558, KRS 0000134671,<br \/>\nkapita\u0142 zak\u0142adowy 500.000,00 z\u0142<br \/>\nS\u0105d Rejonowy w Koszalinie<br \/>\nIX Wydzia\u0142 Krajowego Rejestru S\u0105dowego<\/p>\n<p><strong>Sekretariat<\/strong><br \/>\nCzynne od pon. \u2013 pt. w godz. 8.00 -15.00<br \/>\nTel. 94-720-23-00<br \/>\ne-mail: <a href=\"mailto:sekretariat@tkk.net.pl\">sekretariat@tkk.net.pl<\/a><\/p>\n<p><strong>Biuro Obs\u0142ugi Klienta<\/strong><br \/>\nCzynne od pon.-pt. w godz. 10:00 \u2013 17:00<br \/>\nTelefon kont. 94-720-20-20<br \/>\ne-mail: <a href=\"mailto:bok@tkk.net.pl\">bok@tkk.net.pl<\/a><\/p>\n<p><strong>Logowanie do E-BOK<\/strong><br \/>\n<a href=\"https:\/\/ebok.tkk.net.pl\/\">https:\/\/ebok.tkk.net.pl\/<\/a><\/p>\n<p><strong>Dzia\u0142 Techniczny<\/strong><br \/>\nczynny od pon.-pt. w godz. od 8:00 do 20:00<\/p>\n<p>Zg\u0142oszenia awarii i usterek:<br \/>\nTelefon kont. 94-720-20-22<br \/>\ne-mail: <a href=\"mailto:dt@tkk.net.pl\">dt@tkk.net.pl<\/a><\/p>\n<p><strong>Dzia\u0142 Ksi\u0119gowo\u015bci<\/strong><br \/>\nCzynne od pon.-pt. w godz. 8:00 \u2013 15:00<br \/>\nTelefon kont.:<br \/>\n94-720-23-10<br \/>\n94-720-23-11<br \/>\n94-720-23-20<br \/>\n94-720-23-30<\/p>\n<p><strong>Biuro Reklamy<\/strong><br \/>\nCzynne od pon.-pt. w godz. 8:00 \u2013 15:00<br \/>\nTel. 94 720 24 11<br \/>\nTel. 94 720 23 06<br \/>\ne-mail: <a href=\"mailto:reklama@tkk.net.pl\">reklama@tkk.net.pl<\/a><\/p>\n<p><strong>Redakcja<\/strong><br \/>\nTel. 94-720-23-02, 503-099-997; fax. 94-720-23-24<br \/>\ne-mail: <a href=\"mailto:redakcja@tvmax.pl\">redakcja@tvmax.pl<\/a><\/p>\n<p><a href=\"https:\/\/www.tkk.net.pl\/wp-content\/uploads\/2019\/04\/zgoda_oswiadczenie.pdf\">Zgoda na przesy\u0142anie faktur drog\u0105 elektroniczn\u0105<br \/>\no\u015bwiadczenie (plik PDF do pobrania)<\/a><\/p>\n","protected":false},"excerpt":{"rendered":"<p>Telewizja Kablowa Koszalin Sp. z o.o. ul. Kotarbi\u0144skiego 3, 75-352 Koszalin NIP 669 10 02 558, KRS 0000134671, kapita\u0142 zak\u0142adowy 500.000,00 z\u0142 S\u0105d Rejonowy w Koszalinie IX Wydzia\u0142 Krajowego Rejestru S\u0105dowego Sekretariat Czynne od pon. \u2013 pt. w godz. 8.00 -15.00 Tel. 94-720-23-00 e-mail: sekretariat@tkk.net.pl Biuro Obs\u0142ugi Klienta Czynne od pon.-pt. w godz. 10:00 \u2013 [&hellip;]<\/p>\n","protected":false},"author":1,"featured_media":0,"parent":0,"menu_order":0,"comment_status":"closed","ping_status":"closed","template":"kontakt.php","meta":{"footnotes":""},"class_list":["post-36","page","type-page","status-publish","hentry"],"_links":{"self":[{"href":"https:\/\/www.tkk.net.pl\/index.php\/wp-json\/wp\/v2\/pages\/36"}],"collection":[{"href":"https:\/\/www.tkk.net.pl\/index.php\/wp-json\/wp\/v2\/pages"}],"about":[{"href":"https:\/\/www.tkk.net.pl\/index.php\/wp-json\/wp\/v2\/types\/page"}],"author":[{"embeddable":true,"href":"https:\/\/www.tkk.net.pl\/index.php\/wp-json\/wp\/v2\/users\/1"}],"replies":[{"embeddable":true,"href":"https:\/\/www.tkk.net.pl\/index.php\/wp-json\/wp\/v2\/comments?post=36"}],"version-history":[{"count":32,"href":"https:\/\/www.tkk.net.pl\/index.php\/wp-json\/wp\/v2\/pages\/36\/revisions"}],"predecessor-version":[{"id":4396,"href":"https:\/\/www.tkk.net.pl\/index.php\/wp-json\/wp\/v2\/pages\/36\/revisions\/4396"}],"wp:attachment":[{"href":"https:\/\/www.tkk.net.pl\/index.php\/wp-json\/wp\/v2\/media?parent=36"}],"curies":[{"name":"wp","href":"https:\/\/api.w.org\/{rel}","templated":true}]}}