{"id":3884,"date":"2022-10-04T10:43:42","date_gmt":"2022-10-04T10:43:42","guid":{"rendered":"https:\/\/www.tkk.net.pl\/?page_id=3884"},"modified":"2025-04-30T20:16:56","modified_gmt":"2025-04-30T20:16:56","slug":"dokumenty","status":"publish","type":"page","link":"https:\/\/www.tkk.net.pl\/index.php\/dokumenty\/","title":{"rendered":"Dokumenty"},"content":{"rendered":"\n<div class=\"wp-block-file\"><a id=\"wp-block-file--media-e8a5bc97-d502-45e6-9462-901d81ffa565\" href=\"https:\/\/www.tkk.net.pl\/wp-content\/uploads\/2025\/04\/cennik-od-01.04.2025.pdf\">Cennik us\u0142ug i sprz\u0119tu Telewizji Kablowej Koszalin<\/a><a href=\"https:\/\/www.tkk.net.pl\/wp-content\/uploads\/2025\/04\/cennik-od-01.04.2025.pdf\" class=\"wp-block-file__button wp-element-button\" download aria-describedby=\"wp-block-file--media-e8a5bc97-d502-45e6-9462-901d81ffa565\">Pobierz<\/a><\/div>\n\n\n\n<div class=\"wp-block-file\"><a href=\"https:\/\/www.tkk.net.pl\/wp-content\/uploads\/2022\/10\/Regulamin-TKK-od-2.01.2019.pdf\">Regulamin \u015bwiadczenia us\u0142ug telekomunikacyjnych TKK <\/a><a href=\"https:\/\/www.tkk.net.pl\/wp-content\/uploads\/2022\/10\/Regulamin-TKK-od-2.01.2019.pdf\" class=\"wp-block-file__button wp-element-button\" download>Pobierz<\/a><\/div>\n\n\n\n<div class=\"wp-block-file\"><a href=\"https:\/\/www.tkk.net.pl\/wp-content\/uploads\/2022\/10\/umowa-wzo\u0301r-1.pdf\">Wz\u00f3r umowy o \u015bwiadczenie us\u0142ug telekomunikacyjnych<\/a><a href=\"https:\/\/www.tkk.net.pl\/wp-content\/uploads\/2022\/10\/umowa-wzo\u0301r-1.pdf\" class=\"wp-block-file__button wp-element-button\" download>Pobierz<\/a><\/div>\n\n\n\n<div class=\"wp-block-file\"><a href=\"https:\/\/www.tkk.net.pl\/wp-content\/uploads\/2022\/10\/udogodnienia-dla-niepe\u0142nosprawnych.pdf\">Udogodnienia dla os\u00f3b niepe\u0142nosprawnych<\/a><a href=\"https:\/\/www.tkk.net.pl\/wp-content\/uploads\/2022\/10\/udogodnienia-dla-niepe\u0142nosprawnych.pdf\" class=\"wp-block-file__button wp-element-button\" download>Pobierz<\/a><\/div>\n\n\n\n<div class=\"wp-block-file\"><a id=\"wp-block-file--media-a7afd811-676d-4bdf-b41d-f32e2bf38747\" href=\"https:\/\/www.tkk.net.pl\/wp-content\/uploads\/2024\/10\/Informacja-o-zmianie-umow-telekomunikacyjnych-od-10.11.2024.pdf\">Informacja o zmianie umow telekomunikacyjnych od 10.11.2024<\/a><a href=\"https:\/\/www.tkk.net.pl\/wp-content\/uploads\/2024\/10\/Informacja-o-zmianie-umow-telekomunikacyjnych-od-10.11.2024.pdf\" class=\"wp-block-file__button wp-element-button\" download aria-describedby=\"wp-block-file--media-a7afd811-676d-4bdf-b41d-f32e2bf38747\">Pobierz<\/a><\/div>\n\n\n\n<p><\/p>\n","protected":false},"excerpt":{"rendered":"","protected":false},"author":1,"featured_media":0,"parent":0,"menu_order":0,"comment_status":"closed","ping_status":"closed","template":"","meta":{"footnotes":""},"class_list":["post-3884","page","type-page","status-publish","hentry"],"_links":{"self":[{"href":"https:\/\/www.tkk.net.pl\/index.php\/wp-json\/wp\/v2\/pages\/3884"}],"collection":[{"href":"https:\/\/www.tkk.net.pl\/index.php\/wp-json\/wp\/v2\/pages"}],"about":[{"href":"https:\/\/www.tkk.net.pl\/index.php\/wp-json\/wp\/v2\/types\/page"}],"author":[{"embeddable":true,"href":"https:\/\/www.tkk.net.pl\/index.php\/wp-json\/wp\/v2\/users\/1"}],"replies":[{"embeddable":true,"href":"https:\/\/www.tkk.net.pl\/index.php\/wp-json\/wp\/v2\/comments?post=3884"}],"version-history":[{"count":4,"href":"https:\/\/www.tkk.net.pl\/index.php\/wp-json\/wp\/v2\/pages\/3884\/revisions"}],"predecessor-version":[{"id":4306,"href":"https:\/\/www.tkk.net.pl\/index.php\/wp-json\/wp\/v2\/pages\/3884\/revisions\/4306"}],"wp:attachment":[{"href":"https:\/\/www.tkk.net.pl\/index.php\/wp-json\/wp\/v2\/media?parent=3884"}],"curies":[{"name":"wp","href":"https:\/\/api.w.org\/{rel}","templated":true}]}}