{"id":41,"date":"2010-03-28T14:26:41","date_gmt":"2010-03-28T14:26:41","guid":{"rendered":"http:\/\/alfa.tkk.net.pl\/internet\/"},"modified":"2025-04-30T20:14:16","modified_gmt":"2025-04-30T20:14:16","slug":"internet","status":"publish","type":"page","link":"https:\/\/www.tkk.net.pl\/index.php\/internet\/","title":{"rendered":"internet"},"content":{"rendered":"<p><a href=\"https:\/\/www.tkk.net.pl\/wp-content\/uploads\/2025\/04\/NETcennikSHORTfin.jpg\"><img loading=\"lazy\" decoding=\"async\" class=\"alignnone wp-image-4291 size-full\" src=\"https:\/\/www.tkk.net.pl\/wp-content\/uploads\/2025\/04\/NETcennikSHORTfinMIN-1.jpg\" alt=\"\" width=\"842\" height=\"320\" srcset=\"https:\/\/www.tkk.net.pl\/wp-content\/uploads\/2025\/04\/NETcennikSHORTfinMIN-1.jpg 842w, https:\/\/www.tkk.net.pl\/wp-content\/uploads\/2025\/04\/NETcennikSHORTfinMIN-1-300x114.jpg 300w, https:\/\/www.tkk.net.pl\/wp-content\/uploads\/2025\/04\/NETcennikSHORTfinMIN-1-768x292.jpg 768w\" sizes=\"(max-width: 842px) 100vw, 842px\" \/><\/a><\/p>\n<h1 style=\"text-align: center;\"><strong><a title=\"SPRAWD\u0179 SPEEDTEST\" href=\"http:\/\/www.speedtest.pl\/mini\">ZOBACZ SPEEDTEST<\/a><\/strong><\/h1>\n<hr \/>\n<p><a style=\"line-height: 22px;\" href=\"\/wp-content\/uploads\/2013\/07\/zagrozenia21062013.pdf\">Informacje o zagro\u017ceniach zwi\u0105zanych<br \/>\nze \u015bwiadczonymi us\u0142ugami<br \/>\nTelewizji Kablowej Koszalin Sp. z o. o.<\/a><\/p>\n<p><a href=\"\/wp-content\/uploads\/2018\/06\/klauzula_informacyjna_TKK_Internet.pdf\">Klauzula informacyjna o ochronie danych osobowych \u2013 Internet<\/a><\/p>\n","protected":false},"excerpt":{"rendered":"<p>ZOBACZ SPEEDTEST Informacje o zagro\u017ceniach zwi\u0105zanych ze \u015bwiadczonymi us\u0142ugami Telewizji Kablowej Koszalin Sp. z o. o. Klauzula informacyjna o ochronie danych osobowych \u2013 Internet<\/p>\n","protected":false},"author":1,"featured_media":0,"parent":0,"menu_order":0,"comment_status":"closed","ping_status":"closed","template":"internet.php","meta":{"footnotes":""},"class_list":["post-41","page","type-page","status-publish","hentry"],"_links":{"self":[{"href":"https:\/\/www.tkk.net.pl\/index.php\/wp-json\/wp\/v2\/pages\/41"}],"collection":[{"href":"https:\/\/www.tkk.net.pl\/index.php\/wp-json\/wp\/v2\/pages"}],"about":[{"href":"https:\/\/www.tkk.net.pl\/index.php\/wp-json\/wp\/v2\/types\/page"}],"author":[{"embeddable":true,"href":"https:\/\/www.tkk.net.pl\/index.php\/wp-json\/wp\/v2\/users\/1"}],"replies":[{"embeddable":true,"href":"https:\/\/www.tkk.net.pl\/index.php\/wp-json\/wp\/v2\/comments?post=41"}],"version-history":[{"count":86,"href":"https:\/\/www.tkk.net.pl\/index.php\/wp-json\/wp\/v2\/pages\/41\/revisions"}],"predecessor-version":[{"id":4297,"href":"https:\/\/www.tkk.net.pl\/index.php\/wp-json\/wp\/v2\/pages\/41\/revisions\/4297"}],"wp:attachment":[{"href":"https:\/\/www.tkk.net.pl\/index.php\/wp-json\/wp\/v2\/media?parent=41"}],"curies":[{"name":"wp","href":"https:\/\/api.w.org\/{rel}","templated":true}]}}