{"id":99,"date":"2010-03-29T20:17:42","date_gmt":"2010-03-29T20:17:42","guid":{"rendered":"http:\/\/alfa.tkk.net.pl\/reklama\/"},"modified":"2025-08-06T09:05:22","modified_gmt":"2025-08-06T09:05:22","slug":"reklama","status":"publish","type":"page","link":"https:\/\/www.tkk.net.pl\/index.php\/reklama\/","title":{"rendered":"reklama"},"content":{"rendered":"<p>Pracownicy dzia\u0142u reklamy Telewizji Kablowej Koszalin sp. z o.o. pomog\u0105 pa\u0144stwu dobra\u0107 odpowiednie media, zaplanowa\u0107 skuteczn\u0105 kampani\u0119 reklamow\u0105, zadba\u0107 o wizerunek firmy, wyprodukowa\u0107 spoty, filmy i inne materia\u0142y reklamowo-promocyjne.<\/p>\n<p>W ofercie reklamowej Telewizji Kablowej Koszalin Sp. z o.o. znajduje si\u0119 reklama w <a href=\"http:\/\/tvmax.pl\/\">TV MAX<\/a> oraz w gazecie <a href=\"http:\/\/miasto.koszalin.pl\/\">MIASTO TYGODNIK KOSZALI\u0143SKI<\/a>.<\/p>\n<p>Gwarantujemy profesjonaln\u0105 i kompleksow\u0105 obs\u0142ug\u0119 w zakresie produkcji telewizyjnej, reklamowej, promocyjnej.<\/p>\n<p>Proponujemy r\u00f3wnie\u017c reklam\u0119 na billboardach w Koszalinie, kt\u00f3re s\u0105 najbardziej popularnym no\u015bnikiem reklamy.<\/p>\n<p>Ch\u0119tnie odpowiemy na Pa\u0144stwa pytania oraz przygotujemy atrakcyjne pakiety cenowe, dobrane do Pa\u0144stwa indywidualnych potrzeb.<\/p>\n<p><strong>Dzia\u0142 Reklamy<\/strong><\/p>\n<p>Ewa Langner<br \/>\ntel. 94 720 23 01<br \/>\ne-mail: <a href=\"mailto:reklama@tkk.net.pl\">reklama@tkk.net.pl<\/a><\/p>\n<p>Agnieszka Szkapicz<br \/>\ntel. 94 720 24 11<br \/>\ne-mail: <a href=\"mailto:reklama@miasto.koszalin.pl\">reklama@miasto.koszalin.pl<\/a><\/p>\n","protected":false},"excerpt":{"rendered":"<p>Pracownicy dzia\u0142u reklamy Telewizji Kablowej Koszalin sp. z o.o. pomog\u0105 pa\u0144stwu dobra\u0107 odpowiednie media, zaplanowa\u0107 skuteczn\u0105 kampani\u0119 reklamow\u0105, zadba\u0107 o wizerunek firmy, wyprodukowa\u0107 spoty, filmy i inne materia\u0142y reklamowo-promocyjne. W ofercie reklamowej Telewizji Kablowej Koszalin Sp. z o.o. znajduje si\u0119 reklama w TV MAX oraz w gazecie MIASTO TYGODNIK KOSZALI\u0143SKI. Gwarantujemy profesjonaln\u0105 i kompleksow\u0105 obs\u0142ug\u0119 [&hellip;]<\/p>\n","protected":false},"author":1,"featured_media":0,"parent":0,"menu_order":0,"comment_status":"open","ping_status":"open","template":"reklama.php","meta":{"footnotes":""},"class_list":["post-99","page","type-page","status-publish","hentry"],"_links":{"self":[{"href":"https:\/\/www.tkk.net.pl\/index.php\/wp-json\/wp\/v2\/pages\/99"}],"collection":[{"href":"https:\/\/www.tkk.net.pl\/index.php\/wp-json\/wp\/v2\/pages"}],"about":[{"href":"https:\/\/www.tkk.net.pl\/index.php\/wp-json\/wp\/v2\/types\/page"}],"author":[{"embeddable":true,"href":"https:\/\/www.tkk.net.pl\/index.php\/wp-json\/wp\/v2\/users\/1"}],"replies":[{"embeddable":true,"href":"https:\/\/www.tkk.net.pl\/index.php\/wp-json\/wp\/v2\/comments?post=99"}],"version-history":[{"count":20,"href":"https:\/\/www.tkk.net.pl\/index.php\/wp-json\/wp\/v2\/pages\/99\/revisions"}],"predecessor-version":[{"id":4345,"href":"https:\/\/www.tkk.net.pl\/index.php\/wp-json\/wp\/v2\/pages\/99\/revisions\/4345"}],"wp:attachment":[{"href":"https:\/\/www.tkk.net.pl\/index.php\/wp-json\/wp\/v2\/media?parent=99"}],"curies":[{"name":"wp","href":"https:\/\/api.w.org\/{rel}","templated":true}]}}